{"id":13,"date":"2013-12-17T19:29:30","date_gmt":"2013-12-17T18:29:30","guid":{"rendered":"http:\/\/tehnokrat.si\/?page_id=13"},"modified":"2013-12-17T19:29:30","modified_gmt":"2013-12-17T18:29:30","slug":"o-avtorju","status":"publish","type":"page","link":"https:\/\/tehnokrat.si\/?page_id=13","title":{"rendered":"O avtorju"},"content":{"rendered":"<p><b>O avtorju<\/b><br \/>\nMiran Varga je \u010dlovek, ki se zaveda mo\u010di (in nemo\u010di) tehnologije. Je novinar, ki razume tehnologijo in njeno vlogo v svetu. Je avtor \u0161tevilnih strokovnih prispevkov, objavljenih v \u0161tevilnih \u010dasopisih, revijah in strokovnih publikacijah, svoje znanje pa nesebi\u010dno deli tudi z bralci spletnega dnevnika Tehnokrat.si.<\/p>\n","protected":false},"excerpt":{"rendered":"<p>O avtorju Miran Varga je \u010dlovek, ki se zaveda mo\u010di (in nemo\u010di) tehnologije. Je novinar,&#8230;<\/p>\n","protected":false},"author":1,"featured_media":0,"parent":0,"menu_order":0,"comment_status":"open","ping_status":"open","template":"","meta":{"_exactmetrics_skip_tracking":false,"_exactmetrics_sitenote_active":false,"_exactmetrics_sitenote_note":"","_exactmetrics_sitenote_category":0,"footnotes":""},"class_list":["post-13","page","type-page","status-publish","hentry"],"_links":{"self":[{"href":"https:\/\/tehnokrat.si\/index.php?rest_route=\/wp\/v2\/pages\/13","targetHints":{"allow":["GET"]}}],"collection":[{"href":"https:\/\/tehnokrat.si\/index.php?rest_route=\/wp\/v2\/pages"}],"about":[{"href":"https:\/\/tehnokrat.si\/index.php?rest_route=\/wp\/v2\/types\/page"}],"author":[{"embeddable":true,"href":"https:\/\/tehnokrat.si\/index.php?rest_route=\/wp\/v2\/users\/1"}],"replies":[{"embeddable":true,"href":"https:\/\/tehnokrat.si\/index.php?rest_route=%2Fwp%2Fv2%2Fcomments&post=13"}],"version-history":[{"count":1,"href":"https:\/\/tehnokrat.si\/index.php?rest_route=\/wp\/v2\/pages\/13\/revisions"}],"predecessor-version":[{"id":14,"href":"https:\/\/tehnokrat.si\/index.php?rest_route=\/wp\/v2\/pages\/13\/revisions\/14"}],"wp:attachment":[{"href":"https:\/\/tehnokrat.si\/index.php?rest_route=%2Fwp%2Fv2%2Fmedia&parent=13"}],"curies":[{"name":"wp","href":"https:\/\/api.w.org\/{rel}","templated":true}]}}